{"id":1014,"date":"2025-10-20T12:11:03","date_gmt":"2025-10-20T10:11:03","guid":{"rendered":"https:\/\/staging-msgtrip-com.rucolabs.sk\/?page_id=1014"},"modified":"2026-01-26T12:54:45","modified_gmt":"2026-01-26T11:54:45","slug":"impressum","status":"publish","type":"page","link":"https:\/\/staging-msgtrip-com.rucolabs.sk\/sk\/impressum\/","title":{"rendered":"Impressum"},"content":{"rendered":"<h1 class=\"p1\">Pr\u00e1vne inform\u00e1cie<\/h1>\n<p class=\"p2\"><b>S\u00eddlo spolo\u010dnosti:<br \/>\n<\/b>msg life Slovakia s.r.o.<br \/>\nHrani\u010dn\u00e1 18<br \/>\n821 05 Bratislava<br \/>\nSlovensk\u00e1 republika<\/p>\n<p class=\"p2\"><b>Prev\u00e1dzkare\u0148 Ko\u0161ice:<br \/>\n<\/b>msg life Slovakia s.r.o.<br \/>\nWerferova 1<br \/>\n040 11 Ko\u0161ice<br \/>\nSlovensk\u00e1 republika<\/p>\n<p class=\"p2\"><b>Prev\u00e1dzkare\u0148 \u017dilina:<br \/>\n<\/b>msg life Slovakia s.r.o.<br \/>\nPriemyseln\u00e1 2<br \/>\n010 01 \u017dilina<br \/>\nSlovensk\u00e1 republika<\/p>\n<p class=\"p2\"><b>Kontaktn\u00e9 \u00fadaje:<\/b><br \/>\nTelef\u00f3n: +421 2 322 21 270<br \/>\nE-mail: <a href=\"mailto:info.sk@msg.group\">info.sk@msg.group<\/a><br \/>\nWeb: <a href=\"https:\/\/msg-life.sk\">www.msg-life.sk<\/a><br \/>\n<a href=\"http:\/\/msg-insurance-suite.com\" target=\"_blank\" rel=\"noopener\">www.msg-insurance-suite.com<\/a><br \/>\n<a href=\"https:\/\/www.msg.group\/en\" target=\"_blank\" rel=\"noopener\">www.msg.group\/en<\/a><\/p>\n<p class=\"p2\"><b>Faktura\u010dn\u00e9 \u00fadaje:<\/b><br \/>\nI\u010cO: 35 800 780<br \/>\nDI\u010c: 2020223755<br \/>\nI\u010c DPH: SK2020223755<br \/>\nBanka: Unicredit Bank Czech Republic and Slovakia, a.s., \u0160ancov\u00e1 1\/A, 813 33 Bratislava<br \/>\nIBAN: SK30 1111 0000 0010 0951 0001<br \/>\nBIC: UNCRSKBX<\/p>\n<p class=\"p4\">Spolo\u010dnos\u0165 je zap\u00edsan\u00e1 v obchodnom registri Mestsk\u00e9ho s\u00fadu Bratislava III, oddiel Sro, vlo\u017eka \u010d. 22942\/B.<\/p>\n<p class=\"p4\">Zast\u00fapen\u00e1 je konate\u013emi, p\u00e1nom Milanom Patassym a\u00a0p\u00e1nom Michalom Zacharom.<\/p>\n<p class=\"p4\">V\u00fdpis z\u00a0OR SR: <a href=\"https:\/\/www.orsr.sk\/vypis.asp?ID=30404&amp;SID=2&amp;P=0\" target=\"_blank\" rel=\"nofollow noopener\">https:\/\/www.orsr.sk\/vypis.asp?ID=30404&amp;SID=2&amp;P=0<\/a><\/p>\n<h2>Autorsk\u00e9 pr\u00e1va<\/h2>\n<p class=\"p4\">\u00a9 2026 msg life Slovakia<\/p>\n<p class=\"p4\">V\u0161etky pr\u00e1va vyhraden\u00e9. V\u0161etok obsah na str\u00e1nkach msg life Slovakia s.r.o, vr\u00e1tane obr\u00e1zkov a rozlo\u017eenia, je chr\u00e1nen\u00fd autorsk\u00fdmi pr\u00e1vami. Kop\u00edrovanie inform\u00e1ci\u00ed, \u00fadajov, obr\u00e1zkov at\u010f. a najm\u00e4 komer\u010dn\u00e9 pou\u017eitie textov, \u010dast\u00ed textu alebo obr\u00e1zkov nie je mo\u017en\u00e9 bez predch\u00e1dzaj\u00faceho p\u00edsomn\u00e9ho s\u00fahlasu msg life Slovakia s.r.o. Obsah str\u00e1nok msg life Slovakia s.r.o. vr\u00e1tane or\u00e1movania, priamych odkazov a pod. sa nesmie meni\u0165 ani roz\u0161irova\u0165.<\/p>\n<h2>Zrieknutie sa zodpovednosti a z\u00e1ruka<\/h2>\n<p class=\"p4\">msg life Slovakia s.r.o. podrobne kontroluje inform\u00e1cie zverej\u0148ovan\u00e9 na internete a neust\u00e1le ich aktualizuje. Napriek tomu nie je mo\u017en\u00e9 zaru\u010di\u0165 \u00fapln\u00fa bezchybnos\u0165 cel\u00e9ho obsahu. Z tohto d\u00f4vodu msg life Slovakia s.r.o. nepreber\u00e1 \u017eiadnu zodpovednos\u0165 a ned\u00e1va \u017eiadne z\u00e1ruky na \u00faplnos\u0165, presnos\u0165 a aktu\u00e1lnos\u0165 zverejnen\u00fdch \u00fadajov a inform\u00e1ci\u00ed. msg life Slovakia s.r.o. nepreber\u00e1 \u017eiadnu zodpovednos\u0165 a ned\u00e1va\u00a0 \u017eiadne z\u00e1ruky na vyhl\u00e1senia o bud\u00facom v\u00fdvoji, preto\u017ee s\u00fa zalo\u017een\u00e9 na presved\u010den\u00ed a odhadoch mana\u017ementu msg life Slovakia s.r.o. a ako tak\u00e9 v sebe nes\u00fa rizik\u00e1 a pochybnosti.<\/p>\n<p class=\"p4\">Zrieknutie sa zodpovednosti a z\u00e1ruk sa vz\u0165ahuje aj na v\u0161etky webov\u00e9 odkazy, ktor\u00e9 sa priamo alebo nepriamo nach\u00e1dzaj\u00fa na str\u00e1nkach msg life Slovakia s.r.o. msg life Slovakia s.r.o. nezodpoved\u00e1 za obsah t\u00fdchto webov\u00fdch str\u00e1nok.<\/p>\n<p class=\"p4\">msg life Slovakia s.r.o. si vyhradzuje pr\u00e1vo zmeni\u0165 a doplni\u0165 zverejnen\u00e9 inform\u00e1cie bez predch\u00e1dzaj\u00faceho ozn\u00e1menia.<\/p>\n<h2>Upozornenie<\/h2>\n<p class=\"p4\">V\u0161ade, kde sme pou\u017eili mu\u017esk\u00fd rod ako univerz\u00e1lnu gramatick\u00fa formu, sme tak urobili v\u00fdlu\u010dne z d\u00f4vodu zjednodu\u0161enia \u010ditate\u013enosti textu. V\u017edy s\u00fa t\u00fdm myslen\u00e9 osoby oboch pohlav\u00ed.<\/p>\n","protected":false},"excerpt":{"rendered":"<p>Pr\u00e1vne inform\u00e1cie S\u00eddlo spolo\u010dnosti: msg life Slovakia s.r.o. Hrani\u010dn\u00e1 18 821 05 Bratislava Slovensk\u00e1 republika Prev\u00e1dzkare\u0148 Ko\u0161ice: msg life Slovakia s.r.o. Werferova 1 040 11 Ko\u0161ice Slovensk\u00e1 republika Prev\u00e1dzkare\u0148 \u017dilina: msg life Slovakia s.r.o. Priemyseln\u00e1 2 010 01 \u017dilina Slovensk\u00e1 republika Kontaktn\u00e9 \u00fadaje: Telef\u00f3n: +421 2 322 21 270 E-mail: info.sk@msg.group Web: www.msg-life.sk www.msg-insurance-suite.com www.msg.group\/en [&hellip;]<\/p>\n","protected":false},"author":6,"featured_media":0,"parent":0,"menu_order":0,"comment_status":"closed","ping_status":"closed","template":"templates\/impressum.php","meta":{"_acf_changed":false,"footnotes":""},"class_list":["post-1014","page","type-page","status-publish","hentry"],"acf":[],"_links":{"self":[{"href":"https:\/\/staging-msgtrip-com.rucolabs.sk\/sk\/wp-json\/wp\/v2\/pages\/1014","targetHints":{"allow":["GET"]}}],"collection":[{"href":"https:\/\/staging-msgtrip-com.rucolabs.sk\/sk\/wp-json\/wp\/v2\/pages"}],"about":[{"href":"https:\/\/staging-msgtrip-com.rucolabs.sk\/sk\/wp-json\/wp\/v2\/types\/page"}],"author":[{"embeddable":true,"href":"https:\/\/staging-msgtrip-com.rucolabs.sk\/sk\/wp-json\/wp\/v2\/users\/6"}],"replies":[{"embeddable":true,"href":"https:\/\/staging-msgtrip-com.rucolabs.sk\/sk\/wp-json\/wp\/v2\/comments?post=1014"}],"version-history":[{"count":3,"href":"https:\/\/staging-msgtrip-com.rucolabs.sk\/sk\/wp-json\/wp\/v2\/pages\/1014\/revisions"}],"predecessor-version":[{"id":1040,"href":"https:\/\/staging-msgtrip-com.rucolabs.sk\/sk\/wp-json\/wp\/v2\/pages\/1014\/revisions\/1040"}],"wp:attachment":[{"href":"https:\/\/staging-msgtrip-com.rucolabs.sk\/sk\/wp-json\/wp\/v2\/media?parent=1014"}],"curies":[{"name":"wp","href":"https:\/\/api.w.org\/{rel}","templated":true}]}}